{"id":582,"date":"2023-12-12T11:01:10","date_gmt":"2023-12-12T14:01:10","guid":{"rendered":"https:\/\/financasinteligentes.planosconsultoria.com\/?page_id=582"},"modified":"2024-01-11T20:40:22","modified_gmt":"2024-01-11T23:40:22","slug":"checkout","status":"publish","type":"page","link":"https:\/\/financasinteligentes.planosconsultoria.com\/index.php\/checkout\/","title":{"rendered":"checkout"},"content":{"rendered":"\t\t<div data-elementor-type=\"wp-page\" data-elementor-id=\"582\" class=\"elementor elementor-582\">\n\t\t\t\t\t\t\t\t\t<section data-dce-background-color=\"#0C0E45\" class=\"elementor-section elementor-top-section elementor-element elementor-element-71cff56d elementor-section-content-middle elementor-section-boxed elementor-section-height-default elementor-section-height-default\" data-id=\"71cff56d\" data-element_type=\"section\" data-settings=\"{&quot;background_background&quot;:&quot;classic&quot;}\">\n\t\t\t\t\t\t<div class=\"elementor-container elementor-column-gap-no\">\n\t\t\t\t\t<div class=\"elementor-column elementor-col-100 elementor-top-column elementor-element elementor-element-1d0a6436\" data-id=\"1d0a6436\" data-element_type=\"column\">\n\t\t\t<div class=\"elementor-widget-wrap elementor-element-populated\">\n\t\t\t\t\t\t\t\t<div class=\"elementor-element elementor-element-43e75d00 elementor-widget elementor-widget-theme-site-logo elementor-widget-image\" data-id=\"43e75d00\" data-element_type=\"widget\" data-widget_type=\"theme-site-logo.default\">\n\t\t\t\t<div class=\"elementor-widget-container\">\n\t\t\t<style>\/*! elementor - v3.12.1 - 02-04-2023 *\/\n.elementor-widget-image{text-align:center}.elementor-widget-image a{display:inline-block}.elementor-widget-image a img[src$=\".svg\"]{width:48px}.elementor-widget-image img{vertical-align:middle;display:inline-block}<\/style>\t\t\t\t\t\t\t\t<a href=\"https:\/\/financasinteligentes.planosconsultoria.com\">\n\t\t\t<img loading=\"lazy\" decoding=\"async\" width=\"200\" height=\"74\" src=\"https:\/\/financasinteligentes.planosconsultoria.com\/wp-content\/uploads\/2023\/04\/planos-logo2.png\" class=\"attachment-full size-full wp-image-498\" alt=\"\" style=\"width:100%;height:37%;max-width:200px\" \/>\t\t\t\t<\/a>\n\t\t\t\t\t\t\t\t\t\t\t<\/div>\n\t\t\t\t<\/div>\n\t\t\t\t\t<\/div>\n\t\t<\/div>\n\t\t\t\t\t\t\t<\/div>\n\t\t<\/section>\n\t\t\t\t<section data-dce-background-color=\"#FFFFFF\" class=\"elementor-section elementor-top-section elementor-element elementor-element-7e882119 elementor-section-boxed elementor-section-height-default elementor-section-height-default\" data-id=\"7e882119\" data-element_type=\"section\" data-settings=\"{&quot;background_background&quot;:&quot;classic&quot;}\">\n\t\t\t\t\t\t<div class=\"elementor-container elementor-column-gap-default\">\n\t\t\t\t\t<div class=\"elementor-column elementor-col-50 elementor-top-column elementor-element elementor-element-28700a02\" data-id=\"28700a02\" data-element_type=\"column\">\n\t\t\t<div class=\"elementor-widget-wrap elementor-element-populated\">\n\t\t\t\t\t\t\t\t<div class=\"elementor-element elementor-element-796ee387 elementor-widget elementor-widget-heading\" data-id=\"796ee387\" data-element_type=\"widget\" data-widget_type=\"heading.default\">\n\t\t\t\t<div class=\"elementor-widget-container\">\n\t\t\t<style>\/*! elementor - v3.12.1 - 02-04-2023 *\/\n.elementor-heading-title{padding:0;margin:0;line-height:1}.elementor-widget-heading .elementor-heading-title[class*=elementor-size-]>a{color:inherit;font-size:inherit;line-height:inherit}.elementor-widget-heading .elementor-heading-title.elementor-size-small{font-size:15px}.elementor-widget-heading .elementor-heading-title.elementor-size-medium{font-size:19px}.elementor-widget-heading .elementor-heading-title.elementor-size-large{font-size:29px}.elementor-widget-heading .elementor-heading-title.elementor-size-xl{font-size:39px}.elementor-widget-heading .elementor-heading-title.elementor-size-xxl{font-size:59px}<\/style><h2 class=\"elementor-heading-title elementor-size-default\">A Arte de Encantar Pacientes na Recep\u00e7\u00e3o<\/h2>\t\t<\/div>\n\t\t\t\t<\/div>\n\t\t\t\t<div class=\"elementor-element elementor-element-3becfd4a elementor-widget elementor-widget-text-editor\" data-id=\"3becfd4a\" data-element_type=\"widget\" data-widget_type=\"text-editor.default\">\n\t\t\t\t<div class=\"elementor-widget-container\">\n\t\t\t<style>\/*! elementor - v3.12.1 - 02-04-2023 *\/\n.elementor-widget-text-editor.elementor-drop-cap-view-stacked .elementor-drop-cap{background-color:#69727d;color:#fff}.elementor-widget-text-editor.elementor-drop-cap-view-framed .elementor-drop-cap{color:#69727d;border:3px solid;background-color:transparent}.elementor-widget-text-editor:not(.elementor-drop-cap-view-default) .elementor-drop-cap{margin-top:8px}.elementor-widget-text-editor:not(.elementor-drop-cap-view-default) .elementor-drop-cap-letter{width:1em;height:1em}.elementor-widget-text-editor .elementor-drop-cap{float:left;text-align:center;line-height:1;font-size:50px}.elementor-widget-text-editor .elementor-drop-cap-letter{display:inline-block}<\/style>\t\t\t\t<p>O curso &#8220;A Arte de Encantar Pacientes na Recep\u00e7\u00e3o&#8221; \u00e9 projetado para profissionais de sa\u00fade que atuam na recep\u00e7\u00e3o de cl\u00ednicas e hospitais, e tem como objetivo aprimorar as habilidades de atendimento ao cliente, focando em criar uma experi\u00eancia positiva e memor\u00e1vel para os pacientes. Abaixo est\u00e1 uma descri\u00e7\u00e3o detalhada do curso:<\/p><h3><br \/><strong>Objetivo Geral:<\/strong><\/h3><p><br \/>Desenvolver compet\u00eancias em profissionais de recep\u00e7\u00e3o para oferecer um atendimento excepcional, que encante os pacientes e contribua para uma imagem positiva da institui\u00e7\u00e3o de sa\u00fade.<\/p>\t\t\t\t\t\t<\/div>\n\t\t\t\t<\/div>\n\t\t\t\t\t<\/div>\n\t\t<\/div>\n\t\t\t\t<div class=\"elementor-column elementor-col-50 elementor-top-column elementor-element elementor-element-61acb41a\" data-id=\"61acb41a\" data-element_type=\"column\">\n\t\t\t<div class=\"elementor-widget-wrap elementor-element-populated\">\n\t\t\t\t\t\t\t\t<div class=\"elementor-element elementor-element-263fa118 elementor-widget elementor-widget-spacer\" data-id=\"263fa118\" data-element_type=\"widget\" data-widget_type=\"spacer.default\">\n\t\t\t\t<div class=\"elementor-widget-container\">\n\t\t\t<style>\/*! elementor - v3.12.1 - 02-04-2023 *\/\n.elementor-column .elementor-spacer-inner{height:var(--spacer-size)}.e-con{--container-widget-width:100%}.e-con-inner>.elementor-widget-spacer,.e-con>.elementor-widget-spacer{width:var(--container-widget-width,var(--spacer-size));--align-self:var(--container-widget-align-self,initial);--flex-shrink:0}.e-con-inner>.elementor-widget-spacer>.elementor-widget-container,.e-con-inner>.elementor-widget-spacer>.elementor-widget-container>.elementor-spacer,.e-con>.elementor-widget-spacer>.elementor-widget-container,.e-con>.elementor-widget-spacer>.elementor-widget-container>.elementor-spacer{height:100%}.e-con-inner>.elementor-widget-spacer>.elementor-widget-container>.elementor-spacer>.elementor-spacer-inner,.e-con>.elementor-widget-spacer>.elementor-widget-container>.elementor-spacer>.elementor-spacer-inner{height:var(--container-widget-height,var(--spacer-size))}<\/style>\t\t<div class=\"elementor-spacer\">\n\t\t\t<div class=\"elementor-spacer-inner\"><\/div>\n\t\t<\/div>\n\t\t\t\t<\/div>\n\t\t\t\t<\/div>\n\t\t\t\t<div class=\"elementor-element elementor-element-60efb18d dce_masking-none elementor-widget elementor-widget-image\" data-id=\"60efb18d\" data-element_type=\"widget\" data-widget_type=\"image.default\">\n\t\t\t\t<div class=\"elementor-widget-container\">\n\t\t\t\t\t\t\t\t\t\t\t\t\t\t\t<img loading=\"lazy\" decoding=\"async\" width=\"250\" height=\"250\" src=\"https:\/\/financasinteligentes.planosconsultoria.com\/wp-content\/uploads\/2023\/12\/ayhdbhba-3.png\" class=\"attachment-large size-large wp-image-505\" alt=\"\" srcset=\"https:\/\/financasinteligentes.planosconsultoria.com\/wp-content\/uploads\/2023\/12\/ayhdbhba-3.png 250w, https:\/\/financasinteligentes.planosconsultoria.com\/wp-content\/uploads\/2023\/12\/ayhdbhba-3-100x100.png 100w\" sizes=\"(max-width: 250px) 100vw, 250px\" style=\"width:100%;height:100%;max-width:250px\" \/>\t\t\t\t\t\t\t\t\t\t\t\t\t\t\t<\/div>\n\t\t\t\t<\/div>\n\t\t\t\t<div class=\"elementor-element elementor-element-1965f762 elementor-widget__width-initial elementor-widget elementor-widget-text-editor\" data-id=\"1965f762\" data-element_type=\"widget\" data-widget_type=\"text-editor.default\">\n\t\t\t\t<div class=\"elementor-widget-container\">\n\t\t\t\t\t\t\t<p><strong>Voc\u00ea esta adquirindo:<\/strong><br><strong>A Arte de Encantar Pacientes na Recep\u00e7\u00e3o<br><\/strong>Autor: Planos Consultoria<strong><br><\/strong><\/p>\n<p>Data e hor\u00e1rio<br>25\/01\/24 &#8211; das 19h \u00e0s 21h e 26\/01\/24&nbsp; &#8211; das 19h \u00e0s 21h<\/p>\t\t\t\t\t\t<\/div>\n\t\t\t\t<\/div>\n\t\t\t\t<div class=\"elementor-element elementor-element-3d4314a elementor-button-warning elementor-align-center elementor-widget elementor-widget-button\" data-id=\"3d4314a\" data-element_type=\"widget\" data-widget_type=\"button.default\">\n\t\t\t\t<div class=\"elementor-widget-container\">\n\t\t\t\t\t<div class=\"elementor-button-wrapper\">\n\t\t\t<a href=\"https:\/\/pag.ae\/7-8WKuo9q\" class=\"elementor-button-link elementor-button elementor-size-xl\" role=\"button\">\n\t\t\t\t\t\t<span class=\"elementor-button-content-wrapper\">\n\t\t\t\t\t\t<span class=\"elementor-button-text\">COMPRAR AGORA<\/span>\n\t\t<\/span>\n\t\t\t\t\t<\/a>\n\t\t<\/div>\n\t\t\t\t<\/div>\n\t\t\t\t<\/div>\n\t\t\t\t\t<\/div>\n\t\t<\/div>\n\t\t\t\t\t\t\t<\/div>\n\t\t<\/section>\n\t\t\t\t\t\t\t<\/div>\n\t\t","protected":false},"excerpt":{"rendered":"<p>A Arte de Encantar Pacientes na Recep\u00e7\u00e3o O curso &#8220;A Arte de Encantar Pacientes na Recep\u00e7\u00e3o&#8221; \u00e9 projetado para profissionais de sa\u00fade que atuam na recep\u00e7\u00e3o de cl\u00ednicas e hospitais, e tem como objetivo aprimorar as habilidades de atendimento ao cliente, focando em criar uma experi\u00eancia positiva e memor\u00e1vel para os pacientes. Abaixo est\u00e1 uma&hellip; <a class=\"more-link\" href=\"https:\/\/financasinteligentes.planosconsultoria.com\/index.php\/checkout\/\">Continue reading <span class=\"screen-reader-text\">checkout<\/span><\/a><\/p>\n","protected":false},"author":1,"featured_media":0,"parent":0,"menu_order":0,"comment_status":"closed","ping_status":"closed","template":"elementor_canvas","meta":{"footnotes":""},"aioseo_notices":[],"_links":{"self":[{"href":"https:\/\/financasinteligentes.planosconsultoria.com\/index.php\/wp-json\/wp\/v2\/pages\/582"}],"collection":[{"href":"https:\/\/financasinteligentes.planosconsultoria.com\/index.php\/wp-json\/wp\/v2\/pages"}],"about":[{"href":"https:\/\/financasinteligentes.planosconsultoria.com\/index.php\/wp-json\/wp\/v2\/types\/page"}],"author":[{"embeddable":true,"href":"https:\/\/financasinteligentes.planosconsultoria.com\/index.php\/wp-json\/wp\/v2\/users\/1"}],"replies":[{"embeddable":true,"href":"https:\/\/financasinteligentes.planosconsultoria.com\/index.php\/wp-json\/wp\/v2\/comments?post=582"}],"version-history":[{"count":28,"href":"https:\/\/financasinteligentes.planosconsultoria.com\/index.php\/wp-json\/wp\/v2\/pages\/582\/revisions"}],"predecessor-version":[{"id":628,"href":"https:\/\/financasinteligentes.planosconsultoria.com\/index.php\/wp-json\/wp\/v2\/pages\/582\/revisions\/628"}],"wp:attachment":[{"href":"https:\/\/financasinteligentes.planosconsultoria.com\/index.php\/wp-json\/wp\/v2\/media?parent=582"}],"curies":[{"name":"wp","href":"https:\/\/api.w.org\/{rel}","templated":true}]}}